{"id":1453,"date":"2021-06-10T16:13:56","date_gmt":"2021-06-10T20:13:56","guid":{"rendered":"https:\/\/www2.stetson.edu\/neolithic-studies\/?page_id=1453"},"modified":"2021-07-23T18:28:04","modified_gmt":"2021-07-23T22:28:04","slug":"dalby-raevehoj-jaettestue-passage-tomb-holbaek-denmark","status":"publish","type":"page","link":"https:\/\/www2.stetson.edu\/neolithic-studies\/passage-tombs\/dalby-raevehoj-jaettestue-passage-tomb-holbaek-denmark\/","title":{"rendered":"Dalby R\u00e6veh\u00f8j J\u00e6ttestue Passage Tomb, Holbaek, Denmark"},"content":{"rendered":"<p><a href=\"https:\/\/www2.stetson.edu\/neolithic-studies\/wp-content\/uploads\/2021\/06\/Dalby-Raevehoj1.jpg\"><img loading=\"lazy\" decoding=\"async\" class=\"size-full wp-image-1454\" src=\"https:\/\/www2.stetson.edu\/neolithic-studies\/wp-content\/uploads\/2021\/06\/Dalby-Raevehoj1.jpg\" alt=\"\" width=\"2036\" height=\"1358\" srcset=\"https:\/\/www2.stetson.edu\/neolithic-studies\/wp-content\/uploads\/2021\/06\/Dalby-Raevehoj1.jpg 2036w, https:\/\/www2.stetson.edu\/neolithic-studies\/wp-content\/uploads\/2021\/06\/Dalby-Raevehoj1-300x200.jpg 300w, https:\/\/www2.stetson.edu\/neolithic-studies\/wp-content\/uploads\/2021\/06\/Dalby-Raevehoj1-1024x683.jpg 1024w, https:\/\/www2.stetson.edu\/neolithic-studies\/wp-content\/uploads\/2021\/06\/Dalby-Raevehoj1-768x512.jpg 768w, https:\/\/www2.stetson.edu\/neolithic-studies\/wp-content\/uploads\/2021\/06\/Dalby-Raevehoj1-1536x1025.jpg 1536w\" sizes=\"auto, (max-width: 2036px) 100vw, 2036px\" \/><\/a><\/p>\n<div><\/div>\n<div id=\"wm_longdesc\">R\u00e6veh\u00f8j passage grave near Dalby sits atop a ridge next to the Great Belt coast. This gives visitors a panoramic view of the ocean. It was first constructed ca. 3200 b.c.e. The inner burial chamber is almost 2.5 meters high, making it one of the tallest such chambers in Denmark. The chamber measures 7 meters long and 2.2 m wide. The entrance is 7 m long, although only 3 m is covered. The entrance&#8217;s width is 0.75 m and its height varies from 1.08 &#8211; 1.50 m. As is common in these burial chambers, the site was reused during the Bronze Age. It is speculated that it was during this time that sun crosses were carved on one of the horizontal roof support stones in the chamber. Fire pits have also been excavated at the site that likely date to the Bronze Age. Other ancient burial mounds surround the site.<\/p>\n<p>[previous] [next]<\/p>\n","protected":false},"excerpt":{"rendered":"<p>R\u00e6veh\u00f8j passage grave near Dalby sits atop a ridge next to the Great Belt coast. This gives visitors a panoramic view of the ocean. It was first constructed ca. 3200 b.c.e. The inner burial chamber is almost 2.5 meters high, making it one of the tallest such chambers in Denmark. The chamber measures 7 meters [&hellip;]<\/p>\n","protected":false},"author":3,"featured_media":0,"parent":28,"menu_order":0,"comment_status":"closed","ping_status":"closed","template":"","meta":{"footnotes":""},"class_list":["post-1453","page","type-page","status-publish","hentry"],"_links":{"self":[{"href":"https:\/\/www2.stetson.edu\/neolithic-studies\/wp-json\/wp\/v2\/pages\/1453","targetHints":{"allow":["GET"]}}],"collection":[{"href":"https:\/\/www2.stetson.edu\/neolithic-studies\/wp-json\/wp\/v2\/pages"}],"about":[{"href":"https:\/\/www2.stetson.edu\/neolithic-studies\/wp-json\/wp\/v2\/types\/page"}],"author":[{"embeddable":true,"href":"https:\/\/www2.stetson.edu\/neolithic-studies\/wp-json\/wp\/v2\/users\/3"}],"replies":[{"embeddable":true,"href":"https:\/\/www2.stetson.edu\/neolithic-studies\/wp-json\/wp\/v2\/comments?post=1453"}],"version-history":[{"count":6,"href":"https:\/\/www2.stetson.edu\/neolithic-studies\/wp-json\/wp\/v2\/pages\/1453\/revisions"}],"predecessor-version":[{"id":1458,"href":"https:\/\/www2.stetson.edu\/neolithic-studies\/wp-json\/wp\/v2\/pages\/1453\/revisions\/1458"}],"up":[{"embeddable":true,"href":"https:\/\/www2.stetson.edu\/neolithic-studies\/wp-json\/wp\/v2\/pages\/28"}],"wp:attachment":[{"href":"https:\/\/www2.stetson.edu\/neolithic-studies\/wp-json\/wp\/v2\/media?parent=1453"}],"curies":[{"name":"wp","href":"https:\/\/api.w.org\/{rel}","templated":true}]}}