{"id":2067,"date":"2021-07-26T18:09:43","date_gmt":"2021-07-26T22:09:43","guid":{"rendered":"https:\/\/www2.stetson.edu\/neolithic-studies\/?page_id=2067"},"modified":"2021-07-26T18:32:16","modified_gmt":"2021-07-26T22:32:16","slug":"trollasten-dos-dolmen-stora-kopinge-near-ystad-skane-sweden","status":"publish","type":"page","link":"https:\/\/www2.stetson.edu\/neolithic-studies\/simple-dolmens\/trollasten-dos-dolmen-stora-kopinge-near-ystad-skane-sweden\/","title":{"rendered":"Trollasten D\u00f6s (Dolmen), Stora K\u00f6pinge, near Ystad, Sk\u00e5ne, Sweden"},"content":{"rendered":"<p><a href=\"https:\/\/www2.stetson.edu\/neolithic-studies\/wp-content\/uploads\/2021\/07\/Trollasten1P1010310.jpg\"><img loading=\"lazy\" decoding=\"async\" class=\"size-full wp-image-2068\" src=\"https:\/\/www2.stetson.edu\/neolithic-studies\/wp-content\/uploads\/2021\/07\/Trollasten1P1010310.jpg\" alt=\"\" width=\"2039\" height=\"1358\" srcset=\"https:\/\/www2.stetson.edu\/neolithic-studies\/wp-content\/uploads\/2021\/07\/Trollasten1P1010310.jpg 2039w, https:\/\/www2.stetson.edu\/neolithic-studies\/wp-content\/uploads\/2021\/07\/Trollasten1P1010310-300x200.jpg 300w, https:\/\/www2.stetson.edu\/neolithic-studies\/wp-content\/uploads\/2021\/07\/Trollasten1P1010310-1024x682.jpg 1024w, https:\/\/www2.stetson.edu\/neolithic-studies\/wp-content\/uploads\/2021\/07\/Trollasten1P1010310-768x511.jpg 768w, https:\/\/www2.stetson.edu\/neolithic-studies\/wp-content\/uploads\/2021\/07\/Trollasten1P1010310-1536x1023.jpg 1536w\" sizes=\"auto, (max-width: 2039px) 100vw, 2039px\" \/><\/a><\/p>\n<p>This dolmen site dates to 3300-3200 B.C.E. and lies at 49 feet of elevation. 55 N 27.96&#8243;, 14 E 03.45&#8243;. It appears to have no extended passageway. The structure\u00a0 faces toward sunset on Winter Solstice. It lies in a farmer&#8217;s field and has a panoramic view of the surrounding landscape. There is one large cap and six orthostats.<\/p>\n<p>&nbsp;<\/p>\n<p><a href=\"https:\/\/www2.stetson.edu\/neolithic-studies\/wp-content\/uploads\/2021\/07\/Trollasten2P1010311.jpg\"><img loading=\"lazy\" decoding=\"async\" class=\"size-full wp-image-2069\" src=\"https:\/\/www2.stetson.edu\/neolithic-studies\/wp-content\/uploads\/2021\/07\/Trollasten2P1010311.jpg\" alt=\"\" width=\"2048\" height=\"1536\" srcset=\"https:\/\/www2.stetson.edu\/neolithic-studies\/wp-content\/uploads\/2021\/07\/Trollasten2P1010311.jpg 2048w, https:\/\/www2.stetson.edu\/neolithic-studies\/wp-content\/uploads\/2021\/07\/Trollasten2P1010311-300x225.jpg 300w, https:\/\/www2.stetson.edu\/neolithic-studies\/wp-content\/uploads\/2021\/07\/Trollasten2P1010311-1024x768.jpg 1024w, https:\/\/www2.stetson.edu\/neolithic-studies\/wp-content\/uploads\/2021\/07\/Trollasten2P1010311-768x576.jpg 768w, https:\/\/www2.stetson.edu\/neolithic-studies\/wp-content\/uploads\/2021\/07\/Trollasten2P1010311-1536x1152.jpg 1536w\" sizes=\"auto, (max-width: 2048px) 100vw, 2048px\" \/><\/a><\/p>\n<p>A rectangular set of kerbs was discovered on the chamber&#8217;s east side. A flat stone mound measuring 12 m x 5.5 m was discovered outside the structure. The enclosure held around 6000 Middle Neolithic pottery shards, the remains of drinking vessels that were likely smashed during funereal ceremonies. The dolmen hill also contained a large number of tool fragments, charred bones (likely human), and thin-leaf-type flint axes from the Late Neolithic period. Grain impressions from the pottery shards indicate the use of einkorn, emmer, and naked barley, all of which were common during the early Stone Age in Sweden.<\/p>\n<p>[previous] [next]<\/p>\n","protected":false},"excerpt":{"rendered":"<p>This dolmen site dates to 3300-3200 B.C.E. and lies at 49 feet of elevation. 55 N 27.96&#8243;, 14 E 03.45&#8243;. It appears to have no extended passageway. The structure\u00a0 faces toward sunset on Winter Solstice. It lies in a farmer&#8217;s field and has a panoramic view of the surrounding landscape. There is one large cap [&hellip;]<\/p>\n","protected":false},"author":3,"featured_media":0,"parent":26,"menu_order":0,"comment_status":"closed","ping_status":"closed","template":"","meta":{"footnotes":""},"class_list":["post-2067","page","type-page","status-publish","hentry"],"_links":{"self":[{"href":"https:\/\/www2.stetson.edu\/neolithic-studies\/wp-json\/wp\/v2\/pages\/2067","targetHints":{"allow":["GET"]}}],"collection":[{"href":"https:\/\/www2.stetson.edu\/neolithic-studies\/wp-json\/wp\/v2\/pages"}],"about":[{"href":"https:\/\/www2.stetson.edu\/neolithic-studies\/wp-json\/wp\/v2\/types\/page"}],"author":[{"embeddable":true,"href":"https:\/\/www2.stetson.edu\/neolithic-studies\/wp-json\/wp\/v2\/users\/3"}],"replies":[{"embeddable":true,"href":"https:\/\/www2.stetson.edu\/neolithic-studies\/wp-json\/wp\/v2\/comments?post=2067"}],"version-history":[{"count":3,"href":"https:\/\/www2.stetson.edu\/neolithic-studies\/wp-json\/wp\/v2\/pages\/2067\/revisions"}],"predecessor-version":[{"id":2074,"href":"https:\/\/www2.stetson.edu\/neolithic-studies\/wp-json\/wp\/v2\/pages\/2067\/revisions\/2074"}],"up":[{"embeddable":true,"href":"https:\/\/www2.stetson.edu\/neolithic-studies\/wp-json\/wp\/v2\/pages\/26"}],"wp:attachment":[{"href":"https:\/\/www2.stetson.edu\/neolithic-studies\/wp-json\/wp\/v2\/media?parent=2067"}],"curies":[{"name":"wp","href":"https:\/\/api.w.org\/{rel}","templated":true}]}}