{"id":2194,"date":"2021-08-27T18:00:37","date_gmt":"2021-08-27T22:00:37","guid":{"rendered":"https:\/\/www2.stetson.edu\/neolithic-studies\/?page_id=2194"},"modified":"2021-08-27T18:00:37","modified_gmt":"2021-08-27T22:00:37","slug":"gronjaegers-hoj-long-barrow-a-k-a-gronsalen-mon-sjaelland-denmark","status":"publish","type":"page","link":"https:\/\/www2.stetson.edu\/neolithic-studies\/gronjaegers-hoj-long-barrow-a-k-a-gronsalen-mon-sjaelland-denmark\/","title":{"rendered":"Gr\u00f8nj\u00e6gers H\u00f8j (Long Barrow), a.k.a. Gr\u00f8nsalen, M\u00f8n, Sjaelland, Denmark"},"content":{"rendered":"<p><a href=\"https:\/\/www2.stetson.edu\/neolithic-studies\/wp-content\/uploads\/2021\/08\/Gronsalen1P1010133.jpg\"><img loading=\"lazy\" decoding=\"async\" class=\"size-full wp-image-2195\" src=\"https:\/\/www2.stetson.edu\/neolithic-studies\/wp-content\/uploads\/2021\/08\/Gronsalen1P1010133.jpg\" alt=\"\" width=\"2034\" height=\"1359\" srcset=\"https:\/\/www2.stetson.edu\/neolithic-studies\/wp-content\/uploads\/2021\/08\/Gronsalen1P1010133.jpg 2034w, https:\/\/www2.stetson.edu\/neolithic-studies\/wp-content\/uploads\/2021\/08\/Gronsalen1P1010133-300x200.jpg 300w, https:\/\/www2.stetson.edu\/neolithic-studies\/wp-content\/uploads\/2021\/08\/Gronsalen1P1010133-1024x684.jpg 1024w, https:\/\/www2.stetson.edu\/neolithic-studies\/wp-content\/uploads\/2021\/08\/Gronsalen1P1010133-768x513.jpg 768w, https:\/\/www2.stetson.edu\/neolithic-studies\/wp-content\/uploads\/2021\/08\/Gronsalen1P1010133-1536x1026.jpg 1536w\" sizes=\"auto, (max-width: 2034px) 100vw, 2034px\" \/><\/a><\/p>\n<p>This long barrow on M\u00f8n Island is the longest in Denmark, measuring 102 meters long and 13 meters wide. 54 N 53&#8242; 78&#8243;, 12 E 09&#8242; 08&#8243; It sits near Fanefjord Church and features 3 kists in its center, two of which are open. The barrow&#8217;s orientation is east\/west. It sits on a small rise, giving good views of the surrounding landscape. 134 kerbs surround the long barrow. Based on its shape and structure, it likely dates to around 3500 B.C.E. As of this date (2021) the earliest historical reference for the site is 1186 C.E., at which time it was known as Gr\u00f3nesund. The name Gr\u00f8nj\u00e6gers H\u00f8j\u00a0 can be interpreted as &#8220;Gr\u00f8n J\u00e6ger&#8217;s mound&#8221;. It reference a green hunter who was a legendary king and hunter. Local folklore says that the king and his wife Fane are entombed in the barrow.<sup id=\"cite_ref-Myter_4-0\" class=\"reference\"><\/sup><\/p>\n<p>&nbsp;<\/p>\n<p><a href=\"https:\/\/www2.stetson.edu\/neolithic-studies\/wp-content\/uploads\/2021\/08\/Gronsalen2P1010139.jpg\"><img loading=\"lazy\" decoding=\"async\" class=\"size-full wp-image-2196\" src=\"https:\/\/www2.stetson.edu\/neolithic-studies\/wp-content\/uploads\/2021\/08\/Gronsalen2P1010139.jpg\" alt=\"\" width=\"2039\" height=\"1359\" srcset=\"https:\/\/www2.stetson.edu\/neolithic-studies\/wp-content\/uploads\/2021\/08\/Gronsalen2P1010139.jpg 2039w, https:\/\/www2.stetson.edu\/neolithic-studies\/wp-content\/uploads\/2021\/08\/Gronsalen2P1010139-300x200.jpg 300w, https:\/\/www2.stetson.edu\/neolithic-studies\/wp-content\/uploads\/2021\/08\/Gronsalen2P1010139-1024x682.jpg 1024w, https:\/\/www2.stetson.edu\/neolithic-studies\/wp-content\/uploads\/2021\/08\/Gronsalen2P1010139-768x512.jpg 768w, https:\/\/www2.stetson.edu\/neolithic-studies\/wp-content\/uploads\/2021\/08\/Gronsalen2P1010139-1536x1024.jpg 1536w\" sizes=\"auto, (max-width: 2039px) 100vw, 2039px\" \/><\/a><\/p>\n<p>In 1810 the site was researched by Bishop M\u00fcnter. It has enjoyed protected status from that time.<\/p>\n<p>&nbsp;<\/p>\n<p><a href=\"https:\/\/www2.stetson.edu\/neolithic-studies\/wp-content\/uploads\/2021\/08\/Gronsalen3P1010138.jpg\"><img loading=\"lazy\" decoding=\"async\" class=\"size-full wp-image-2197\" src=\"https:\/\/www2.stetson.edu\/neolithic-studies\/wp-content\/uploads\/2021\/08\/Gronsalen3P1010138.jpg\" alt=\"\" width=\"2048\" height=\"1536\" srcset=\"https:\/\/www2.stetson.edu\/neolithic-studies\/wp-content\/uploads\/2021\/08\/Gronsalen3P1010138.jpg 2048w, https:\/\/www2.stetson.edu\/neolithic-studies\/wp-content\/uploads\/2021\/08\/Gronsalen3P1010138-300x225.jpg 300w, https:\/\/www2.stetson.edu\/neolithic-studies\/wp-content\/uploads\/2021\/08\/Gronsalen3P1010138-1024x768.jpg 1024w, https:\/\/www2.stetson.edu\/neolithic-studies\/wp-content\/uploads\/2021\/08\/Gronsalen3P1010138-768x576.jpg 768w, https:\/\/www2.stetson.edu\/neolithic-studies\/wp-content\/uploads\/2021\/08\/Gronsalen3P1010138-1536x1152.jpg 1536w\" sizes=\"auto, (max-width: 2048px) 100vw, 2048px\" \/><\/a><\/p>\n<p>The orthostats on the west end are extraordinary, with striking crystal marbling in the red granite stones.<\/p>\n<p>&nbsp;<\/p>\n<p><a href=\"https:\/\/www2.stetson.edu\/neolithic-studies\/wp-content\/uploads\/2021\/08\/Gronsalen4P1010135.jpg\"><img loading=\"lazy\" decoding=\"async\" class=\"size-full wp-image-2198\" src=\"https:\/\/www2.stetson.edu\/neolithic-studies\/wp-content\/uploads\/2021\/08\/Gronsalen4P1010135.jpg\" alt=\"\" width=\"2035\" height=\"1358\" srcset=\"https:\/\/www2.stetson.edu\/neolithic-studies\/wp-content\/uploads\/2021\/08\/Gronsalen4P1010135.jpg 2035w, https:\/\/www2.stetson.edu\/neolithic-studies\/wp-content\/uploads\/2021\/08\/Gronsalen4P1010135-300x200.jpg 300w, https:\/\/www2.stetson.edu\/neolithic-studies\/wp-content\/uploads\/2021\/08\/Gronsalen4P1010135-1024x683.jpg 1024w, https:\/\/www2.stetson.edu\/neolithic-studies\/wp-content\/uploads\/2021\/08\/Gronsalen4P1010135-768x513.jpg 768w, https:\/\/www2.stetson.edu\/neolithic-studies\/wp-content\/uploads\/2021\/08\/Gronsalen4P1010135-1536x1025.jpg 1536w\" sizes=\"auto, (max-width: 2035px) 100vw, 2035px\" \/><\/a><\/p>\n<p>A farmhouse sits at the east end of the barrow.<\/p>\n<p>&nbsp;<\/p>\n<p><a href=\"https:\/\/www2.stetson.edu\/neolithic-studies\/wp-content\/uploads\/2021\/08\/Gronsalen5P1010140.jpg\"><img loading=\"lazy\" decoding=\"async\" class=\"size-full wp-image-2201\" src=\"https:\/\/www2.stetson.edu\/neolithic-studies\/wp-content\/uploads\/2021\/08\/Gronsalen5P1010140.jpg\" alt=\"\" width=\"2034\" height=\"1359\" srcset=\"https:\/\/www2.stetson.edu\/neolithic-studies\/wp-content\/uploads\/2021\/08\/Gronsalen5P1010140.jpg 2034w, https:\/\/www2.stetson.edu\/neolithic-studies\/wp-content\/uploads\/2021\/08\/Gronsalen5P1010140-300x200.jpg 300w, https:\/\/www2.stetson.edu\/neolithic-studies\/wp-content\/uploads\/2021\/08\/Gronsalen5P1010140-1024x684.jpg 1024w, https:\/\/www2.stetson.edu\/neolithic-studies\/wp-content\/uploads\/2021\/08\/Gronsalen5P1010140-768x513.jpg 768w, https:\/\/www2.stetson.edu\/neolithic-studies\/wp-content\/uploads\/2021\/08\/Gronsalen5P1010140-1536x1026.jpg 1536w\" sizes=\"auto, (max-width: 2034px) 100vw, 2034px\" \/><\/a><\/p>\n<p>One of the 3 kists built into the barrow.<\/p>\n<p>&nbsp;<\/p>\n<p>[previous] [next]<\/p>\n","protected":false},"excerpt":{"rendered":"<p>This long barrow on M\u00f8n Island is the longest in Denmark, measuring 102 meters long and 13 meters wide. 54 N 53&#8242; 78&#8243;, 12 E 09&#8242; 08&#8243; It sits near Fanefjord Church and features 3 kists in its center, two of which are open. The barrow&#8217;s orientation is east\/west. It sits on a small rise, [&hellip;]<\/p>\n","protected":false},"author":3,"featured_media":0,"parent":0,"menu_order":0,"comment_status":"closed","ping_status":"closed","template":"","meta":{"footnotes":""},"class_list":["post-2194","page","type-page","status-publish","hentry"],"_links":{"self":[{"href":"https:\/\/www2.stetson.edu\/neolithic-studies\/wp-json\/wp\/v2\/pages\/2194","targetHints":{"allow":["GET"]}}],"collection":[{"href":"https:\/\/www2.stetson.edu\/neolithic-studies\/wp-json\/wp\/v2\/pages"}],"about":[{"href":"https:\/\/www2.stetson.edu\/neolithic-studies\/wp-json\/wp\/v2\/types\/page"}],"author":[{"embeddable":true,"href":"https:\/\/www2.stetson.edu\/neolithic-studies\/wp-json\/wp\/v2\/users\/3"}],"replies":[{"embeddable":true,"href":"https:\/\/www2.stetson.edu\/neolithic-studies\/wp-json\/wp\/v2\/comments?post=2194"}],"version-history":[{"count":15,"href":"https:\/\/www2.stetson.edu\/neolithic-studies\/wp-json\/wp\/v2\/pages\/2194\/revisions"}],"predecessor-version":[{"id":2214,"href":"https:\/\/www2.stetson.edu\/neolithic-studies\/wp-json\/wp\/v2\/pages\/2194\/revisions\/2214"}],"wp:attachment":[{"href":"https:\/\/www2.stetson.edu\/neolithic-studies\/wp-json\/wp\/v2\/media?parent=2194"}],"curies":[{"name":"wp","href":"https:\/\/api.w.org\/{rel}","templated":true}]}}