{"id":428,"date":"2014-08-03T21:39:42","date_gmt":"2014-08-04T01:39:42","guid":{"rendered":"http:\/\/www2.stetson.edu\/neolithic-studies\/?page_id=428"},"modified":"2014-08-14T18:50:26","modified_gmt":"2014-08-14T22:50:26","slug":"alcalar-portimao-portugal","status":"publish","type":"page","link":"https:\/\/www2.stetson.edu\/neolithic-studies\/passage-tombs\/alcalar-portimao-portugal\/","title":{"rendered":"Alcalar Cairn, Portimao, Portugal"},"content":{"rendered":"<p>&nbsp;<\/p>\n<p><a href=\"http:\/\/www2.stetson.edu\/neolithic-studies\/wp-content\/uploads\/2014\/08\/Alcalar2.jpg\"><img loading=\"lazy\" decoding=\"async\" class=\"alignnone size-full wp-image-431\" src=\"http:\/\/www2.stetson.edu\/neolithic-studies\/wp-content\/uploads\/2014\/08\/Alcalar2.jpg\" alt=\"OLYMPUS DIGITAL CAMERA\" width=\"2048\" height=\"1536\" srcset=\"https:\/\/www2.stetson.edu\/neolithic-studies\/wp-content\/uploads\/2014\/08\/Alcalar2.jpg 2048w, https:\/\/www2.stetson.edu\/neolithic-studies\/wp-content\/uploads\/2014\/08\/Alcalar2-300x225.jpg 300w, https:\/\/www2.stetson.edu\/neolithic-studies\/wp-content\/uploads\/2014\/08\/Alcalar2-1024x768.jpg 1024w\" sizes=\"auto, (max-width: 2048px) 100vw, 2048px\" \/><\/a><\/p>\n<p><strong>Alcalar Necropolis<\/strong><\/p>\n<p>Address: Monumentos Megal\u00edticos Alcala 8500-120 Mexilhoeira Grande<\/p>\n<p>Parish: Mexilhoeira Grande<\/p>\n<p>Municipality: Portim\u00e3o<\/p>\n<p>County: Faro<\/p>\n<p>Country: Portugal<\/p>\n<p>The Alcalar necropolis is the most significant Neolithic site in the Algarve region of Southern Portugal and well earns its designation as a National Monument (June 16, 1910). The massive cairn at the center of the complex, Monument 7 (of 17 total) is the most impressive of the megalithic structures found there. The site complex has an excellent Reception and Study center that provides information on such themes as the human occupation of the site, art and architecture, funeral rites and religious practices, daily life, and technology. On any visit to Portugal or southern Spain, this site is essential for those interested in western European megaliths.<\/p>\n<p><strong>Origins and Early History<\/strong>:<\/p>\n<p>The Alcalar necropolis was part of a larger social and cultural development in the southern Iberian Peninsula that occurred around 3000 bce. It was during this period that fortified settlements were built that stretched from Los Millares (Almer\u00eda) to Valencina de la Concepci\u00f3n (Seville) in Spain and from Alcalar to Leceia in Portugal. These settlements show evidence of copper metallurgy, the so-called\u00a0 &#8220;Copper Age,\u201d a hierarchical social organization (finds of gold and ivory, and sumptuously furnished necropolises), and a pristine form of state-organized polity. In the mid 3rd millennium bce, a cultural form commonly referred to today as the &#8220;Bell Beaker phenomenon&#8221; emerged in the estuary zones of the major rivers of this region. This culture subsequently spread throughout western Europe.<\/p>\n<p>Alcalar itself is situated between the coastline of the Alvor inlet and the foothills of the Monchique mountain range to the north. This area is at the center of the Algarve\u2019s barrocal, or limestone coastal strip. The settlement of which Alcalar was a part measured over ten hectares and was located on a hillock at the terminus of the once-navigable Torre River. In the immediate environs of Alcalar were other settlement sites and 18 megalithic tombs constructed in a wide range of architectural styles. These styles developed over time and include a <em>tholos<\/em>\u2014a crypt with a false dome similar to sites in Mycenae, dolmens using massive slabs of sandstone, and chambers carved into rock for collective burials.<\/p>\n<p>The site was ideal for human habitation because the area provided abundant game, fish, and shellfish in the inlet and river systems, various raw materials such as sandstone, limestone, schist, and wood for buildings, and plentiful water-based resources (fresh water included) that supported irrigation for cereal and vegetable production. The main sources of water were springs and the Ar\u00e3o, Farelo, and Torre Rivers, which also provided avenues of transportation for peoples and goods. A variety of artifacts have been found at Alcalar that range from flint to rolled greywacke and metal. Copper was mined in small iron-hat mines in the hinterland\u2019s schist strip, and gold was collected in the area\u2019s riverbeds.<\/p>\n<p>The many dolmens and passage tombs at Alcalar indicates a conscious concern with death, as well as the likelihood of rituals during the equinoxes and solstices to venerate and remember ancestors. The size and sophistication of Monument 7 is evidence that elite members of the tribe received special funerary rites and honors, a development that parallels that of the early Egyptian dynasties of the same period.<\/p>\n<p><strong>History of Archaeological Excavations:<\/strong><\/p>\n<p>Archaeologists Nunes da Gl\u00f3ria, Est\u00e1cio da Veiga, Pereira Jardim, Santos Rocha, and Jos\u00e9 Formosinho first excavated Alcalar beginning in 1880. Recent excavations have been carried out under the supervision of Rui Parreira and Elena Moran, with support from the Portuguese Institute of Architectural Heritage (IPPAR). Their research project is called \u201cAlcalar: Study, Protection, Upgrading and Academic Divulgation of a Cultural Landscape from the third millennium bc\u201d and is part of the National Plan for Archaeological Work (PNTA 2002-225).<\/p>\n<p>Evidence uncovered during the various excavations\u2014including traces of leveling work and ritual hearths&#8211;have revealed that Monument 7 was built over previously consecrated space. Most of the finds from these excavations can be found at the National Archaeological Museum (Lisbon), the Dr. Santos Rocha Museum (Figueira da Foz), the Lagos Regional Museum, and the Portim\u00e3o Municipal Museum. The archaeological work at Alcalar has included extensive restoration of Monument 7 and geophysical prospecting at Monument 15.<\/p>\n<p>A Reception and Study Center opened in 2000 to protect the main site from further degradation and to support educational visits and archaeological work. The center has a gift shop, informational brochures, and is thematically organized for visits to each monument in the complex. It is surrounded by a high metal-link fence, making entry to the site only possible during center opening hours.<\/p>\n<p>Archaeological excavations began at Monument 9, located a few meters from Monument 7, in 1900. This work uncovered a funerary structure that featured a circular crypt and a short access corridor. The monument was constructed using schist. The monument is presently in a state of ruin and needs extensive reconstruction. Monuments 1-4 are located on state-owned property and accessible to visitors. The remaining necropolises are located on private property and require prior agreement from the respective landowners.<\/p>\n<p><strong>Description of Monument 7:<\/strong><\/p>\n<p>Monument 7 is a sophisticated passage tomb constructed as a large mound of dry-stones covering a corbelled, circular crypt that lies at the geometrical center of the cairn. This particular type of crypt chamber is termed a <em>tholos<\/em> and is distinctive in its bee-hive shape and careful corbelling. At the top of the corbelled chamber was a \u201ckey-stone,\u201d which, prior to excavation and restoration, had broken in two under the weight of the dry-stone mound above it. Today, the visitor can look down into the central chamber through a kind of <em>oculus<\/em>, or eye, the key-stone having been removed. The floor of the crypt consists of a large limestone slab and several smaller stones. Two niches with large capstones and door-stones radiate out to the north and south from the center of the crypt. The niches likely held human burials with accompanying grave goods and adornments. At the west end of the crypt is a smaller niche that had no door-stone but did have several covering slabs. This niche shows evidence of use as a liturgical fire ritual space. Following the collapse of the roof, this niche was sealed off. The original shape of the passage, crypt, and niches uncannily resembles a Catholic monstrance, a receptacle made of precious metals that houses the consecrated Host and is used to expose the Body of Christ for adoration by the faithful.<\/p>\n<p>The cairn is surrounded by a low wall of small schist slabs that is wide enough to serve as a kind of walkway around the circumference of the monument. This wall is now beautifully restored. The passageway into the crypt begins at the east end of the site and consists of a tiny patio at the entrance and a narrow entryway covered by a huge capstone (reminiscent of the capstones at Gavrinis and Loquimarer in Brittany). The dry-stone passage itself has a unique structure: it is divided into three sections that narrow as one approaches the crypt and are delineated by three limestone caps surmounted on vertical upright stones. This triple division is reminiscent of the tombs found at Los Millares near Almeria, Spain, and in certain Sardinian passage tombs. Passage through this corridor would be very difficult for a normal size adult, and entry into the crypt would necessitate going on hands and feet. The entire site, which measures about 27 meters in diameter, is framed by two menhirs\/steles, one to the south of the cairn, and the other located in a liturgical space opposite the entry fa\u00e7ade. Like all passage tombs in this part of Portugal, this one is oriented east, 99 degrees. This monument was clearly the most significant of the many tombs in the area and was likely used for funerary rites that included the entire local population.<\/p>\n<p><strong>How to get there:<\/strong><\/p>\n<p>This site is fairly easy to find. As you leave Portim\u00e3o on the EN 125 heading west to Lagos, take a right turn at the Alvor junction (north) (Alvor itself is south). On reaching Penina, take the road to Senhora do Verde \/Alcalar. After about 4 km, signs point to the necropolis. It is just off the main road on a little road heading east. There is a carpark for passenger vehicles and coaches. Make sure you have the schedule of opening and closing times and dates. Buses are available from Portim\u00e3o-Montes de Cima.<\/p>\n<p><strong>Access for the Handicapped:<\/strong><\/p>\n<p>Easy access for visitors with restricted mobility to the Reception and Study Centre and the monuments prepared for museum purposes (7 and 9).<\/p>\n<p><strong>Bibliography<\/strong><\/p>\n<p>\u201cL\u2019Art M\u00e9galithique dans la P\u00e9ninsule Ib\u00e9rique,\u201d Primitiva Bueno Ramirez and Rodrigo de Balbin Behrmann. <em>Dossiers d\u2019 Archeologie<\/em> 230 (Feb. 1998): 76-83.<\/p>\n<p>\u201cLes Sites Majeurs de L\u2019Art M\u00e9galithique Ib\u00e9rique,\u201d Marc Devignes. <em>Dossiers d\u2019 Archeologie<\/em> 230 (Feb. 1998): 66-75.<\/p>\n<p><em>Dolmens for the Dead: Megalith-Building Throughout the World<\/em>. Roger Joussaume. Ithica: Cornell University Press, 1988.<\/p>\n<p><em>Facing the Ocean: The Atlantic and its Peoples<\/em>. Barry Cunliffe. Oxford: Oxford University Press, 2001.<\/p>\n<p><em>First Farmers: The Origins of Agricultural Societies<\/em>. Peter Bellwood. Malden, MA: Blackwell Publishing, 2005.<\/p>\n<p><em>Monuments and Landscape in Atlantic Europe: Perception and Society during the Neolithic and Early Bronze Age<\/em>. Chris Scarre, ed. London: Routledge, 2002.<\/p>\n<p><em>The Megalithic European: The 21<sup>st<\/sup> Century Traveller in Prehistoric Europe<\/em>. Julian Cope. London: Element, 2004.<\/p>\n<p><em>The Neanderthal\u2019s Necklace: In Search of the First Thinkers<\/em>. Juan Luis Arsuaga. New York: Four Walls, Eight Windows, 2002.<\/p>\n<p><em>The Neolithic Age: From the First Farmers to the First Metallurgists<\/em>. Pierre Machu. Toulouse, Fourni\u00e9, 1999.<\/p>\n<p><em>Tombs, Temples and Their Orientations: A New Perspective on Mediterranean Prehistory<\/em>. Michael Hoskin. Bognor Regis: Ocarina Books, 2001.<\/p>\n<p>For a plan of the monument see\u00a0http:\/\/www.megalithic.co.uk\/modules.php?op=modload&amp;name=a312&amp;file=index&amp;do=showpic&amp;pid=104080<\/p>\n<p>[previous] [next]<\/p>\n","protected":false},"excerpt":{"rendered":"<p>&nbsp; Alcalar Necropolis Address: Monumentos Megal\u00edticos Alcala 8500-120 Mexilhoeira Grande Parish: Mexilhoeira Grande Municipality: Portim\u00e3o County: Faro Country: Portugal The Alcalar necropolis is the most significant Neolithic site in the Algarve region of Southern Portugal and well earns its designation as a National Monument (June 16, 1910). The massive cairn at the center of the [&hellip;]<\/p>\n","protected":false},"author":3,"featured_media":0,"parent":28,"menu_order":0,"comment_status":"open","ping_status":"closed","template":"","meta":{"footnotes":""},"class_list":["post-428","page","type-page","status-publish","hentry"],"_links":{"self":[{"href":"https:\/\/www2.stetson.edu\/neolithic-studies\/wp-json\/wp\/v2\/pages\/428","targetHints":{"allow":["GET"]}}],"collection":[{"href":"https:\/\/www2.stetson.edu\/neolithic-studies\/wp-json\/wp\/v2\/pages"}],"about":[{"href":"https:\/\/www2.stetson.edu\/neolithic-studies\/wp-json\/wp\/v2\/types\/page"}],"author":[{"embeddable":true,"href":"https:\/\/www2.stetson.edu\/neolithic-studies\/wp-json\/wp\/v2\/users\/3"}],"replies":[{"embeddable":true,"href":"https:\/\/www2.stetson.edu\/neolithic-studies\/wp-json\/wp\/v2\/comments?post=428"}],"version-history":[{"count":8,"href":"https:\/\/www2.stetson.edu\/neolithic-studies\/wp-json\/wp\/v2\/pages\/428\/revisions"}],"predecessor-version":[{"id":1094,"href":"https:\/\/www2.stetson.edu\/neolithic-studies\/wp-json\/wp\/v2\/pages\/428\/revisions\/1094"}],"up":[{"embeddable":true,"href":"https:\/\/www2.stetson.edu\/neolithic-studies\/wp-json\/wp\/v2\/pages\/28"}],"wp:attachment":[{"href":"https:\/\/www2.stetson.edu\/neolithic-studies\/wp-json\/wp\/v2\/media?parent=428"}],"curies":[{"name":"wp","href":"https:\/\/api.w.org\/{rel}","templated":true}]}}