{"id":939,"date":"2014-08-11T19:14:15","date_gmt":"2014-08-11T23:14:15","guid":{"rendered":"http:\/\/www2.stetson.edu\/neolithic-studies\/?page_id=939"},"modified":"2014-08-26T20:15:13","modified_gmt":"2014-08-27T00:15:13","slug":"national-museum-of-archaeology-in-valletta-malta","status":"publish","type":"page","link":"https:\/\/www2.stetson.edu\/neolithic-studies\/neolithic-art\/national-museum-of-archaeology-in-valletta-malta\/","title":{"rendered":"Horned Animals, National Museum of Archaeology in Valletta, Malta"},"content":{"rendered":"<p><a href=\"http:\/\/www2.stetson.edu\/neolithic-studies\/wp-content\/uploads\/2014\/08\/Maltahornedart.jpg\"><img loading=\"lazy\" decoding=\"async\" class=\"alignnone size-full wp-image-940\" src=\"http:\/\/www2.stetson.edu\/neolithic-studies\/wp-content\/uploads\/2014\/08\/Maltahornedart.jpg\" alt=\"OLYMPUS DIGITAL CAMERA\" width=\"2048\" height=\"1536\" srcset=\"https:\/\/www2.stetson.edu\/neolithic-studies\/wp-content\/uploads\/2014\/08\/Maltahornedart.jpg 2048w, https:\/\/www2.stetson.edu\/neolithic-studies\/wp-content\/uploads\/2014\/08\/Maltahornedart-300x225.jpg 300w, https:\/\/www2.stetson.edu\/neolithic-studies\/wp-content\/uploads\/2014\/08\/Maltahornedart-1024x768.jpg 1024w\" sizes=\"auto, (max-width: 2048px) 100vw, 2048px\" \/><\/a><\/p>\n<p><a href=\"http:\/\/www2.stetson.edu\/neolithic-studies\/wp-content\/uploads\/2014\/08\/Maltahornedart.jpg\">These carved blocks are found in the National Museum of Archaeology in Valletta, Malta. They come from the magnificent megalithic sites of\u00a0\u0126al Saflieni Hypogeum, \u0126a\u0121ar Qim, and Tarxien Temples.<\/a><\/p>\n<p>&nbsp;<\/p>\n","protected":false},"excerpt":{"rendered":"<p>These carved blocks are found in the National Museum of Archaeology in Valletta, Malta. They come from the magnificent megalithic sites of\u00a0\u0126al Saflieni Hypogeum, \u0126a\u0121ar Qim, and Tarxien Temples. &nbsp;<\/p>\n","protected":false},"author":3,"featured_media":0,"parent":34,"menu_order":0,"comment_status":"open","ping_status":"closed","template":"","meta":{"footnotes":""},"class_list":["post-939","page","type-page","status-publish","hentry"],"_links":{"self":[{"href":"https:\/\/www2.stetson.edu\/neolithic-studies\/wp-json\/wp\/v2\/pages\/939","targetHints":{"allow":["GET"]}}],"collection":[{"href":"https:\/\/www2.stetson.edu\/neolithic-studies\/wp-json\/wp\/v2\/pages"}],"about":[{"href":"https:\/\/www2.stetson.edu\/neolithic-studies\/wp-json\/wp\/v2\/types\/page"}],"author":[{"embeddable":true,"href":"https:\/\/www2.stetson.edu\/neolithic-studies\/wp-json\/wp\/v2\/users\/3"}],"replies":[{"embeddable":true,"href":"https:\/\/www2.stetson.edu\/neolithic-studies\/wp-json\/wp\/v2\/comments?post=939"}],"version-history":[{"count":3,"href":"https:\/\/www2.stetson.edu\/neolithic-studies\/wp-json\/wp\/v2\/pages\/939\/revisions"}],"predecessor-version":[{"id":1201,"href":"https:\/\/www2.stetson.edu\/neolithic-studies\/wp-json\/wp\/v2\/pages\/939\/revisions\/1201"}],"up":[{"embeddable":true,"href":"https:\/\/www2.stetson.edu\/neolithic-studies\/wp-json\/wp\/v2\/pages\/34"}],"wp:attachment":[{"href":"https:\/\/www2.stetson.edu\/neolithic-studies\/wp-json\/wp\/v2\/media?parent=939"}],"curies":[{"name":"wp","href":"https:\/\/api.w.org\/{rel}","templated":true}]}}