{"id":951,"date":"2014-08-11T19:23:13","date_gmt":"2014-08-11T23:23:13","guid":{"rendered":"http:\/\/www2.stetson.edu\/neolithic-studies\/?page_id=951"},"modified":"2014-08-26T20:15:38","modified_gmt":"2014-08-27T00:15:38","slug":"neolithic-art-national-museum-of-archaeology-in-valletta-malta-2","status":"publish","type":"page","link":"https:\/\/www2.stetson.edu\/neolithic-studies\/neolithic-art\/neolithic-art-national-museum-of-archaeology-in-valletta-malta-2\/","title":{"rendered":"Four Spirals, National Museum of Archaeology in Valletta, Malta"},"content":{"rendered":"<p><a href=\"http:\/\/www2.stetson.edu\/neolithic-studies\/wp-content\/uploads\/2014\/08\/Maltaart3.jpg\"><img loading=\"lazy\" decoding=\"async\" class=\"alignnone size-full wp-image-952\" src=\"http:\/\/www2.stetson.edu\/neolithic-studies\/wp-content\/uploads\/2014\/08\/Maltaart3.jpg\" alt=\"OLYMPUS DIGITAL CAMERA\" width=\"1829\" height=\"1402\" srcset=\"https:\/\/www2.stetson.edu\/neolithic-studies\/wp-content\/uploads\/2014\/08\/Maltaart3.jpg 1829w, https:\/\/www2.stetson.edu\/neolithic-studies\/wp-content\/uploads\/2014\/08\/Maltaart3-300x229.jpg 300w, https:\/\/www2.stetson.edu\/neolithic-studies\/wp-content\/uploads\/2014\/08\/Maltaart3-1024x784.jpg 1024w\" sizes=\"auto, (max-width: 1829px) 100vw, 1829px\" \/>This spiral carved block is\u00a0found in the National Museum of Archaeology in Valletta, Malta. They come from the magnificent megalithic sites of\u00a0\u0126al Saflieni Hypogeum, \u0126a\u0121ar Qim, and Tarxien Temples.<\/a><\/p>\n","protected":false},"excerpt":{"rendered":"<p>This spiral carved block is\u00a0found in the National Museum of Archaeology in Valletta, Malta. They come from the magnificent megalithic sites of\u00a0\u0126al Saflieni Hypogeum, \u0126a\u0121ar Qim, and Tarxien Temples.<\/p>\n","protected":false},"author":3,"featured_media":0,"parent":34,"menu_order":0,"comment_status":"open","ping_status":"closed","template":"","meta":{"footnotes":""},"class_list":["post-951","page","type-page","status-publish","hentry"],"_links":{"self":[{"href":"https:\/\/www2.stetson.edu\/neolithic-studies\/wp-json\/wp\/v2\/pages\/951","targetHints":{"allow":["GET"]}}],"collection":[{"href":"https:\/\/www2.stetson.edu\/neolithic-studies\/wp-json\/wp\/v2\/pages"}],"about":[{"href":"https:\/\/www2.stetson.edu\/neolithic-studies\/wp-json\/wp\/v2\/types\/page"}],"author":[{"embeddable":true,"href":"https:\/\/www2.stetson.edu\/neolithic-studies\/wp-json\/wp\/v2\/users\/3"}],"replies":[{"embeddable":true,"href":"https:\/\/www2.stetson.edu\/neolithic-studies\/wp-json\/wp\/v2\/comments?post=951"}],"version-history":[{"count":2,"href":"https:\/\/www2.stetson.edu\/neolithic-studies\/wp-json\/wp\/v2\/pages\/951\/revisions"}],"predecessor-version":[{"id":1202,"href":"https:\/\/www2.stetson.edu\/neolithic-studies\/wp-json\/wp\/v2\/pages\/951\/revisions\/1202"}],"up":[{"embeddable":true,"href":"https:\/\/www2.stetson.edu\/neolithic-studies\/wp-json\/wp\/v2\/pages\/34"}],"wp:attachment":[{"href":"https:\/\/www2.stetson.edu\/neolithic-studies\/wp-json\/wp\/v2\/media?parent=951"}],"curies":[{"name":"wp","href":"https:\/\/api.w.org\/{rel}","templated":true}]}}